{"id":10000050,"date":"2011-06-06T14:31:04","date_gmt":"2011-06-06T14:31:04","guid":{"rendered":"http:\/\/eric.univ-lyon2.fr\/eda\/?page_id=10000050"},"modified":"2026-03-13T11:49:47","modified_gmt":"2026-03-13T09:49:47","slug":"numeros-speciaux-de-revue","status":"publish","type":"page","link":"https:\/\/eric.univ-lyon2.fr\/eda\/?page_id=10000050","title":{"rendered":"Num\u00e9ros de revue"},"content":{"rendered":"<p>Depuis l&rsquo;\u00e9dition 2007 d&rsquo;EDA, les auteurs des meilleurs articles sont sollicit\u00e9s chaque ann\u00e9e pour soumettre une version longue de leur travail \u00e0 un num\u00e9ro sp\u00e9cial de revue.<\/p>\n<ul>\n<li><a href=\"http:\/\/www.igi-global.com\/journal\/international-journal-data-warehousing-mining\/\">International Journal of Data Warehousing and Mining, 14(3), 2018<\/a><\/li>\n<li><a href=\"http:\/\/www.igi-global.com\/journal\/international-journal-data-warehousing-mining\/\">International Journal of Data Warehousing and Mining, 12(4), 2016<\/a><\/li>\n<li><a href=\"http:\/\/www.igi-global.com\/journal\/international-journal-decision-support-system\/\">International Journal of Decision Support System Technology, 7(3), 2015<\/a><\/li>\n<li><a href=\"http:\/\/www.igi-global.com\/journal\/international-journal-data-warehousing-mining\/\">International Journal of Data Warehousing and Mining, 11(2), 2015<\/a><\/li>\n<li>Journal of Decision Systems, 23(4), 2014<\/li>\n<li>Journal of Decision Systems, 21(1), 2012<\/li>\n<li><a href=\"http:\/\/isi.revuesonline.com\/resnum.jsp?editionId=1578&#038;Submit2.x=14&#038;Submit2.y=7\">Ing\u00e9nierie des Syst\u00e8mes d&rsquo;Information, 16(6), 2011<\/a><\/li>\n<li><a href=\"https:\/\/web.archive.org\/web\/20070627214155\/http:\/\/tsi.revuesonline.com\/\">Technique et Science Informatiques (TSI)<\/a>, 2010<\/li>\n<li><a href=\"http:\/\/isi.revuesonline.com\/\">Ing\u00e9nierie des Syst\u00e8mes d\u2019Information (ISI)<\/a>, Num\u00e9ro sp\u00e9cial Entrep\u00f4ts de donn\u00e9es, 2008-2009<\/li>\n<\/ul>\n","protected":false},"excerpt":{"rendered":"<p>Depuis l&rsquo;\u00e9dition 2007 d&rsquo;EDA, les auteurs des meilleurs articles sont sollicit\u00e9s chaque ann\u00e9e pour soumettre une version longue de leur travail \u00e0 un num\u00e9ro sp\u00e9cial de revue. International Journal of Data Warehousing and Mining, 14(3), 2018 International Journal of Data Warehousing and Mining, 12(4), 2016 International Journal of Decision Support System Technology, 7(3), 2015 International [&hellip;]<\/p>\n","protected":false},"author":2,"featured_media":0,"parent":0,"menu_order":20,"comment_status":"open","ping_status":"open","template":"","meta":{"footnotes":"","_links_to":"","_links_to_target":""},"class_list":["post-10000050","page","type-page","status-publish","hentry"],"_links":{"self":[{"href":"https:\/\/eric.univ-lyon2.fr\/eda\/index.php?rest_route=\/wp\/v2\/pages\/10000050","targetHints":{"allow":["GET"]}}],"collection":[{"href":"https:\/\/eric.univ-lyon2.fr\/eda\/index.php?rest_route=\/wp\/v2\/pages"}],"about":[{"href":"https:\/\/eric.univ-lyon2.fr\/eda\/index.php?rest_route=\/wp\/v2\/types\/page"}],"author":[{"embeddable":true,"href":"https:\/\/eric.univ-lyon2.fr\/eda\/index.php?rest_route=\/wp\/v2\/users\/2"}],"replies":[{"embeddable":true,"href":"https:\/\/eric.univ-lyon2.fr\/eda\/index.php?rest_route=%2Fwp%2Fv2%2Fcomments&post=10000050"}],"version-history":[{"count":12,"href":"https:\/\/eric.univ-lyon2.fr\/eda\/index.php?rest_route=\/wp\/v2\/pages\/10000050\/revisions"}],"predecessor-version":[{"id":10000589,"href":"https:\/\/eric.univ-lyon2.fr\/eda\/index.php?rest_route=\/wp\/v2\/pages\/10000050\/revisions\/10000589"}],"wp:attachment":[{"href":"https:\/\/eric.univ-lyon2.fr\/eda\/index.php?rest_route=%2Fwp%2Fv2%2Fmedia&parent=10000050"}],"curies":[{"name":"wp","href":"https:\/\/api.w.org\/{rel}","templated":true}]}}