{"id":213,"date":"2011-04-11T09:28:55","date_gmt":"2011-04-11T09:28:55","guid":{"rendered":"http:\/\/eric.univ-lyon2.fr\/~jdarmont\/wp\/?page_id=213"},"modified":"2021-09-10T08:48:13","modified_gmt":"2021-09-10T06:48:13","slug":"animation-scientifique","status":"publish","type":"page","link":"https:\/\/eric.univ-lyon2.fr\/jdarmont\/?page_id=213","title":{"rendered":"Animation\/expertise scientifique"},"content":{"rendered":"<p><a href=\"https:\/\/eric.univ-lyon2.fr\/jdarmont\/?attachment_id=550\" rel=\"attachment wp-att-550\"><img loading=\"lazy\" decoding=\"async\" src=\"https:\/\/eric.univ-lyon2.fr\/jdarmont\/wp-content\/uploads\/2011\/05\/icon-research.png\" alt=\"Recherche-Research\" width=\"64\" height=\"64\" class=\"alignright size-full wp-image-550\" \/><\/a><\/p>\n<ul>\n<li><a href=\".\/?page_id=255\">Comit\u00e9s \u00e9ditoriaux<\/a><\/li>\n<li><a href=\".\/?page_id=234\">Comit\u00e9s de lecture (revues et ouvrages)<\/a><\/li>\n<li><a href=\".\/?page_id=245\">Comit\u00e9s de programme (conf\u00e9rences)<\/a><\/li>\n<li><a href=\".\/?page_id=247\">Comit\u00e9s d&rsquo;organisation<\/a><\/li>\n<li><a href=\".\/?page_id=271\">Jurys<\/a><\/li>\n<li><a href=\".\/?page_id=275\">Autres expertises<\/a><\/li>\n<li><a href=\".\/?page_id=264\">Invitations<\/a><\/li>\n<\/ul>\n","protected":false},"excerpt":{"rendered":"<p>Comit\u00e9s \u00e9ditoriaux Comit\u00e9s de lecture (revues et ouvrages) Comit\u00e9s de programme (conf\u00e9rences) Comit\u00e9s d&rsquo;organisation Jurys Autres expertises Invitations<\/p>\n","protected":false},"author":7,"featured_media":0,"parent":67,"menu_order":300,"comment_status":"closed","ping_status":"open","template":"","meta":{"footnotes":"","_links_to":"","_links_to_target":""},"class_list":["post-213","page","type-page","status-publish","hentry"],"_links":{"self":[{"href":"https:\/\/eric.univ-lyon2.fr\/jdarmont\/index.php?rest_route=\/wp\/v2\/pages\/213","targetHints":{"allow":["GET"]}}],"collection":[{"href":"https:\/\/eric.univ-lyon2.fr\/jdarmont\/index.php?rest_route=\/wp\/v2\/pages"}],"about":[{"href":"https:\/\/eric.univ-lyon2.fr\/jdarmont\/index.php?rest_route=\/wp\/v2\/types\/page"}],"author":[{"embeddable":true,"href":"https:\/\/eric.univ-lyon2.fr\/jdarmont\/index.php?rest_route=\/wp\/v2\/users\/7"}],"replies":[{"embeddable":true,"href":"https:\/\/eric.univ-lyon2.fr\/jdarmont\/index.php?rest_route=%2Fwp%2Fv2%2Fcomments&post=213"}],"version-history":[{"count":14,"href":"https:\/\/eric.univ-lyon2.fr\/jdarmont\/index.php?rest_route=\/wp\/v2\/pages\/213\/revisions"}],"predecessor-version":[{"id":5517,"href":"https:\/\/eric.univ-lyon2.fr\/jdarmont\/index.php?rest_route=\/wp\/v2\/pages\/213\/revisions\/5517"}],"up":[{"embeddable":true,"href":"https:\/\/eric.univ-lyon2.fr\/jdarmont\/index.php?rest_route=\/wp\/v2\/pages\/67"}],"wp:attachment":[{"href":"https:\/\/eric.univ-lyon2.fr\/jdarmont\/index.php?rest_route=%2Fwp%2Fv2%2Fmedia&parent=213"}],"curies":[{"name":"wp","href":"https:\/\/api.w.org\/{rel}","templated":true}]}}