{"id":3957,"date":"2018-06-13T07:55:47","date_gmt":"2018-06-13T05:55:47","guid":{"rendered":"https:\/\/eric.univ-lyon2.fr\/~jdarmont\/?page_id=3957"},"modified":"2025-12-04T09:02:10","modified_gmt":"2025-12-04T07:02:10","slug":"scientific-mediation","status":"publish","type":"page","link":"https:\/\/eric.univ-lyon2.fr\/jdarmont\/?page_id=3957","title":{"rendered":"Scientific mediation"},"content":{"rendered":"<p><a href=\"https:\/\/eric.univ-lyon2.fr\/jdarmont\/?attachment_id=5507\" rel=\"attachment wp-att-5507\"><img loading=\"lazy\" decoding=\"async\" src=\"https:\/\/eric.univ-lyon2.fr\/jdarmont\/wp-content\/uploads\/2021\/09\/family-icon.png\" alt=\"family-icon\" width=\"64\" height=\"64\" class=\"alignright size-full wp-image-5507\" \/><\/a><\/p>\n<ul>\n<li>2023: \u00ab\u00a0La recherche \u00e0 l&rsquo;\u00e9preuve des donn\u00e9es\u00a0\u00bb, <a href=\"https:\/\/www.univ-lyon2.fr\/recherche\/agenda-scientifique\/50ans-data-shs\">Conference<\/a> <em>50 years of data processing with and for Humanities<\/em>, Universit\u00e9 Lyon 2<\/li>\n<li>2023: Participation in the <a href=\"https:\/\/www.fetedelascience.fr\/auvergne-rhone-alpes-fete-la-science\">Science Fair<\/a>: intervention at <a href=\"https:\/\/georges-brassens.ent.auvergnerhonealpes.fr\/\">George Brassens high school<\/a>, Rive de Gier<\/li>\n<li>2023: Participation in the <a href=\"https:\/\/www.larotonde-sciences.com\/cest-au-programme\/nuit-europeenne-des-chercheur-es-2023\/\">European Researchers&rsquo; Night <\/a> (speed searching animation)<\/li>\n<li>2023-2024: Mentor <a href=\"https:\/\/savanturiers.afper.org\/\">Savanturiers du Num\u00e9rique et des Technologies<\/a> (elementary school Maryse Basti\u00e9, Tours)<\/li>\n<li>2023: Intervention at <a href=\"https:\/\/jean-puy.ent.auvergnerhonealpes.fr\/\">Jean Puy high school<\/a>, Roanne (4 classes), via the <a href=\"https:\/\/www.fondation-blaise-pascal.org\/\">Fondation Blaise Pascal<\/a> and 1 Scientifique &#8211; 1 Classe&nbsp;: Chiche&nbsp;!<\/li>\n<li>2023: Intervention with <a href=\"https:\/\/eric.univ-lyon2.fr\/sabine\/\">Sabine Loudcher<\/a> at <a href=\"https:\/\/condorcet.ent.auvergnerhonealpes.fr\/\">Condorcet high school<\/a>, Saint-Priest (3 classes), via the <a href=\"https:\/\/www.fondation-blaise-pascal.org\/\">Fondation Blaise Pascal<\/a> and 1 Scientifique &#8211; 1 Classe&nbsp;: Chiche&nbsp;!<\/li>\n<li>2022: Participation in the <a href=\"https:\/\/www.larotonde-sciences.com\/cest-au-programme\/nuit-chercheurs-2022\/\">European Researchers&rsquo; Night<\/a> (casino animation)<\/li>\n<li>2022: Class for high-school pupils: <a href=\".\/wp-content\/uploads\/2022\/03\/cm-dataface.pdf\">Data Face ! Tout savoir sur les donn\u00e9es<\/a>, <a href=\"https:\/\/www.univ-lyon2.fr\">Universit\u00e9 Lyon 2<\/a><\/li>\n<li>2021: Participation in the <a href=\"https:\/\/www.larotonde-sciences.com\/cest-au-programme\/nuit-chercheurs-2021\/\">European Researchers&rsquo; Night<\/a> (talk with high-school students at lyc\u00e9e Diderot, Lyon)<\/li>\n<li>2020-2021: Mentor, <a href=\"https:\/\/les-savanturiers.cri-paris.org\/a-propos\/presentation\/\">Savanturiers du num\u00e9rique<\/a> (elementary school Les Marronniers, Meaux)<\/li>\n<li>2020: Participation in the <a href=\"https:\/\/nuitdeschercheurs-france.eu\/?SaintetiennE\">European Researchers&rsquo; Night<\/a> (speed searching)<\/li>\n<li>2020&nbsp;: Participation in the <a href=\"https:\/\/www.fetedelascience.fr\/l-intelligence-artificielle-en-sciences-humaines-sociales\">Science Fair<\/a> : <a href=\"https:\/\/zenodo.org\/record\/4108344#.X47cxNAzaUk\">Les Data Lakes comme Approche d&rsquo;Organisation de l&rsquo;Information<\/a> &#8211; <a href=\"https:\/\/www.youtube.com\/watch?v=rjKI46Z422g\">Video<\/a> (1st clip)<\/li>\n<li>2019-2020: Mentor, <a href=\"https:\/\/les-savanturiers.cri-paris.org\/a-propos\/presentation\/\">Savanturiers du num\u00e9rique\/du climat<\/a> (Jean Vilar junior high, Ch\u00e2lon-sur-Sa\u00f4ne)<\/li>\n<li>2018-2019: Mentor, <a href=\"https:\/\/les-savanturiers.cri-paris.org\/a-propos\/presentation\/\">Savanturiers des villes<\/a> (Verrazane junior high, Lyon)<\/li>\n<li>2017-2018: Mentor, <a href=\"https:\/\/les-savanturiers.cri-paris.org\/a-propos\/presentation\/\">Savanturiers du num\u00e9rique<\/a> (<a href=\"https:\/\/savanturiersdunumerique.wordpress.com\/category\/projets-20172018\/ney-projets-20172018\/\">Ney elementary school<\/a>)\n<ul>\n<li>2018: Participation in the <a href=\"https:\/\/les-savanturiers.cri-paris.org\/congres-savanturiers-inscriptions-ouvertes\/\">Pupil congress in Besan\u00e7on<\/a> (scientific dating)<\/li>\n<\/ul>\n<\/li>\n<li>2017: Participation in the <a href=\"https:\/\/popsciences.universite-lyon.fr\/agenda\/NDC2017\/\">European Researchers&rsquo; Night<\/a> (mysterious box, scientific dating with children and  adults)<\/li>\n<li>2017: Presentation of data warehouses in the book <a href=\"https:\/\/web.archive.org\/web\/20190611165243\/http:\/\/www.cnrseditions.fr:80\/societe\/7429-les-big-data-a-decouvert.html\">Les Big Data \u00e0 d\u00e9couvert<\/a>, CNRS \u00e9ditions (written with <a href=\"https:\/\/www.univ-orleans.fr\/lifo\/membres\/marcel\/\">Patrick Marcel<\/a>)<\/li>\n<li>Since 2016: Member of the <a href=\"https:\/\/pixees.fr\/classcode-v2\/\">Class&rsquo;Code<\/a> community<\/li>\n<li>2014: Scenario of the <a href=\"http:\/\/25images.ish-lyon.cnrs.fr\/clip-labo_eric-ang\/video\/lab-video\/en\">ERIC lab video<\/a><\/li>\n<\/ul>\n","protected":false},"excerpt":{"rendered":"<p>2023: \u00ab\u00a0La recherche \u00e0 l&rsquo;\u00e9preuve des donn\u00e9es\u00a0\u00bb, Conference 50 years of data processing with and for Humanities, Universit\u00e9 Lyon 2 2023: Participation in the Science Fair: intervention at George Brassens high school, Rive de Gier 2023: Participation in the European Researchers&rsquo; Night (speed searching animation) 2023-2024: Mentor Savanturiers du Num\u00e9rique et des Technologies (elementary school\u2026 <span class=\"read-more\"><a href=\"https:\/\/eric.univ-lyon2.fr\/jdarmont\/?page_id=3957\">Read More &raquo;<\/a><\/span><\/p>\n","protected":false},"author":7,"featured_media":0,"parent":3473,"menu_order":610,"comment_status":"closed","ping_status":"closed","template":"","meta":{"footnotes":"","_links_to":"","_links_to_target":""},"class_list":["post-3957","page","type-page","status-publish","hentry"],"_links":{"self":[{"href":"https:\/\/eric.univ-lyon2.fr\/jdarmont\/index.php?rest_route=\/wp\/v2\/pages\/3957","targetHints":{"allow":["GET"]}}],"collection":[{"href":"https:\/\/eric.univ-lyon2.fr\/jdarmont\/index.php?rest_route=\/wp\/v2\/pages"}],"about":[{"href":"https:\/\/eric.univ-lyon2.fr\/jdarmont\/index.php?rest_route=\/wp\/v2\/types\/page"}],"author":[{"embeddable":true,"href":"https:\/\/eric.univ-lyon2.fr\/jdarmont\/index.php?rest_route=\/wp\/v2\/users\/7"}],"replies":[{"embeddable":true,"href":"https:\/\/eric.univ-lyon2.fr\/jdarmont\/index.php?rest_route=%2Fwp%2Fv2%2Fcomments&post=3957"}],"version-history":[{"count":29,"href":"https:\/\/eric.univ-lyon2.fr\/jdarmont\/index.php?rest_route=\/wp\/v2\/pages\/3957\/revisions"}],"predecessor-version":[{"id":9035,"href":"https:\/\/eric.univ-lyon2.fr\/jdarmont\/index.php?rest_route=\/wp\/v2\/pages\/3957\/revisions\/9035"}],"up":[{"embeddable":true,"href":"https:\/\/eric.univ-lyon2.fr\/jdarmont\/index.php?rest_route=\/wp\/v2\/pages\/3473"}],"wp:attachment":[{"href":"https:\/\/eric.univ-lyon2.fr\/jdarmont\/index.php?rest_route=%2Fwp%2Fv2%2Fmedia&parent=3957"}],"curies":[{"name":"wp","href":"https:\/\/api.w.org\/{rel}","templated":true}]}}