{"id":67,"date":"2011-03-28T10:57:37","date_gmt":"2011-03-28T10:57:37","guid":{"rendered":"http:\/\/eric.univ-lyon2.fr\/~jdarmont\/wp\/?page_id=67"},"modified":"2026-02-02T16:20:38","modified_gmt":"2026-02-02T14:20:38","slug":"recherche","status":"publish","type":"page","link":"https:\/\/eric.univ-lyon2.fr\/jdarmont\/?page_id=67","title":{"rendered":"Recherche"},"content":{"rendered":"<p><a href=\"https:\/\/eric.univ-lyon2.fr\/jdarmont\/wp-content\/uploads\/2011\/05\/icon-research.png\"><img loading=\"lazy\" decoding=\"async\" src=\"https:\/\/eric.univ-lyon2.fr\/jdarmont\/wp-content\/uploads\/2011\/05\/icon-research.png\" alt=\"Recherche-Research\" title=\"icon-research\" width=\"64\" height=\"64\" class=\"alignright size-full wp-image-550\" \/><\/a><\/p>\n<h3>Th\u00e8mes de recherche<\/h3>\n<ul>\n<li>Performance des bases et entrep\u00f4ts de donn\u00e9es\n<ul>\n<li>Optimisation de performance<\/li>\n<li>Auto-administration<\/li>\n<li>Bancs d&rsquo;essais<\/li>\n<li>Lacs de donn\u00e9es, maillages de donn\u00e9es<\/li>\n<li>Analyse de documents textuels<\/li>\n<\/ul>\n<\/li>\n<li>D\u00e9cisionnel dans le nuage\n<ul>\n<li>S\u00e9curit\u00e9 des donn\u00e9es<\/li>\n<li>Performance et co\u00fbt des requ\u00eates<\/li>\n<li><em>Personal BI<\/em><\/li>\n<li>Analyse de donn\u00e9es massives<\/li>\n<\/ul>\n<\/li>\n<li>Humanit\u00e9s num\u00e9riques<\/li>\n<\/ul>\n<\/li>\n<\/ul>\n<h3>Activit\u00e9 scientifique<\/h3>\n<ul>\n<li><a title=\"Publications\" href=\"https:\/\/eric.univ-lyon2.fr\/jdarmont\/publications\/\">Publications<\/a>\n<ul>\n<li>R\u00e9f\u00e9rencement <a title=\"DBLP\" href=\"https:\/\/dblp.uni-trier.de\/pid\/d\/JeromeDarmont.html\">DBLP<\/a><\/li>\n<li>R\u00e9f\u00e9rencement <a title=\"arXiv\" href=\"http:\/\/arxiv.org\/multi?archive=cs&amp;subj_cs=-%3E+%28default+%3D+%22all%22%29&amp;search_year=all+years&amp;field_1=au&amp;query_1=darmont&amp;%2Ffind=Find&amp;file=new+abstracts&amp;year=%2709&amp;month=08\">arXiv<\/a><\/li>\n<li>R\u00e9f\u00e9rencement  <a title=\"HAL\" href=\"https:\/\/hal.archives-ouvertes.fr\/search\/index\/?q=darmont\">HAL<\/a><\/li>\n<li>R\u00e9f\u00e9rencement <a title=\"ORCID\" href=\"http:\/\/orcid.org\/0000-0003-1491-384X\">ORCID<\/a><\/li>\n<li>R\u00e9f\u00e9rencement <a title=\"ACM DL\" href=\"http:\/\/dl.acm.org\/author_page.cfm?id=81100430882\">ACM Digital Library<\/a><\/li>\n<\/ul>\n<\/li>\n<li><a href=\".\/?page_id=131\">Logiciels r\u00e9alis\u00e9s<\/a><\/li>\n<li><a href=\".\/?page_id=213\">Animation et expertise scientifique<\/a><\/li>\n<li><a href=\".\/?page_id=135\">Encadrement de la recherche<\/a><\/li>\n<li><a href=\".\/?page_id=119\">Projets et contrats<\/a><\/li>\n<li><a href=\".\/?page_id=529\">Collaborations<\/a><\/li>\n<li><a href=\".\/?page_id=3867\">M\u00e9diation scientifique<\/a><\/li>\n<\/ul>\n","protected":false},"excerpt":{"rendered":"<p>Th\u00e8mes de recherche Performance des bases et entrep\u00f4ts de donn\u00e9es Optimisation de performance Auto-administration Bancs d&rsquo;essais Lacs de donn\u00e9es, maillages de donn\u00e9es Analyse de documents textuels D\u00e9cisionnel dans le nuage S\u00e9curit\u00e9 des donn\u00e9es Performance et co\u00fbt des requ\u00eates Personal BI Analyse de donn\u00e9es massives Humanit\u00e9s num\u00e9riques Activit\u00e9 scientifique Publications R\u00e9f\u00e9rencement DBLP R\u00e9f\u00e9rencement arXiv R\u00e9f\u00e9rencement HAL\u2026 <span class=\"read-more\"><a href=\"https:\/\/eric.univ-lyon2.fr\/jdarmont\/?page_id=67\">Read More &raquo;<\/a><\/span><\/p>\n","protected":false},"author":7,"featured_media":0,"parent":0,"menu_order":2000,"comment_status":"closed","ping_status":"open","template":"","meta":{"footnotes":"","_links_to":"","_links_to_target":""},"class_list":["post-67","page","type-page","status-publish","hentry"],"_links":{"self":[{"href":"https:\/\/eric.univ-lyon2.fr\/jdarmont\/index.php?rest_route=\/wp\/v2\/pages\/67","targetHints":{"allow":["GET"]}}],"collection":[{"href":"https:\/\/eric.univ-lyon2.fr\/jdarmont\/index.php?rest_route=\/wp\/v2\/pages"}],"about":[{"href":"https:\/\/eric.univ-lyon2.fr\/jdarmont\/index.php?rest_route=\/wp\/v2\/types\/page"}],"author":[{"embeddable":true,"href":"https:\/\/eric.univ-lyon2.fr\/jdarmont\/index.php?rest_route=\/wp\/v2\/users\/7"}],"replies":[{"embeddable":true,"href":"https:\/\/eric.univ-lyon2.fr\/jdarmont\/index.php?rest_route=%2Fwp%2Fv2%2Fcomments&post=67"}],"version-history":[{"count":40,"href":"https:\/\/eric.univ-lyon2.fr\/jdarmont\/index.php?rest_route=\/wp\/v2\/pages\/67\/revisions"}],"predecessor-version":[{"id":9069,"href":"https:\/\/eric.univ-lyon2.fr\/jdarmont\/index.php?rest_route=\/wp\/v2\/pages\/67\/revisions\/9069"}],"wp:attachment":[{"href":"https:\/\/eric.univ-lyon2.fr\/jdarmont\/index.php?rest_route=%2Fwp%2Fv2%2Fmedia&parent=67"}],"curies":[{"name":"wp","href":"https:\/\/api.w.org\/{rel}","templated":true}]}}