{"id":81,"date":"2011-03-28T13:24:05","date_gmt":"2011-03-28T13:24:05","guid":{"rendered":"http:\/\/eric.univ-lyon2.fr\/~jdarmont\/wp\/?page_id=81"},"modified":"2026-04-23T10:52:02","modified_gmt":"2026-04-23T08:52:02","slug":"administration","status":"publish","type":"page","link":"https:\/\/eric.univ-lyon2.fr\/jdarmont\/?page_id=81","title":{"rendered":"Administration"},"content":{"rendered":"<p><a href=\"https:\/\/eric.univ-lyon2.fr\/jdarmont\/wp-content\/uploads\/2011\/05\/icon-admin.png\"><img loading=\"lazy\" decoding=\"async\" src=\"https:\/\/eric.univ-lyon2.fr\/jdarmont\/wp-content\/uploads\/2011\/05\/icon-admin.png\" alt=\"Administration\" title=\"icon-admin\" width=\"64\" height=\"64\" class=\"alignright size-full wp-image-548\" \/><\/a><\/p>\n<h3 id=\"resp\">Fonctions de responsabilit\u00e9<\/h3>\n<ul>\n<li>Depuis 2024&nbsp;: Directeur, <a href=\"https:\/\/icom.univ-lyon2.fr\/\">Institut de la Communication<\/a>, <a href=\"https:\/\/www.univ-lyon2.fr\">Universit\u00e9 Lyon 2<\/a>\n<ul>\n<li>2024-2025&nbsp;: Membre GT3 Accompagnement dans les \u00e9tudes\/Citoyennet\u00e9, Sch\u00e9ma directeur de la vie \u00e9tudiante, <a href=\"https:\/\/www.univ-lyon2.fr\">Universit\u00e9 Lyon 2<\/a><\/li>\n<\/ul>\n<\/li>\n<li>2021-2024&nbsp;: Directeur adjoint, <a href=\"https:\/\/icom.univ-lyon2.fr\/\">Institut de la Communication<\/a>, <a href=\"https:\/\/www.univ-lyon2.fr\">Universit\u00e9 Lyon 2<\/a><\/li>\n<li>2012-2021&nbsp;: Directeur, Laboratoire <a href=\"https:\/\/eric.univ-lyon2.fr\/\">ERIC<\/a>\n<ul>\n<li>Membre du comit\u00e9 des th\u00e8ses et du conseil de l&rsquo;<a href=\"https:\/\/edinfomaths.universite-lyon.fr\/\">Ecole Doctorale InfoMaths<\/a>\n<ul>\n<li>2020 : Repr\u00e9sentant Lyon 2 au groupe de travail n\u00b0 3 sur la reconfiguration des \u00e9coles doctorales du site Lyon-Saint-&Eacute;tienne (ED Physique-Astrophysique, Chimie, InfoMaths, Science Ing\u00e9nierie Sant\u00e9)<\/li>\n<\/ul>\n<\/li>\n<li>2015&nbsp;: Participation \u00e0 la mise en place du Programme Soci\u00e9t\u00e9s Num\u00e9riques, projet IDEX <a href=\"https:\/\/www.universite-lyon.fr\">Universit\u00e9 de Lyon<\/a><\/li>\n<\/ul>\n<\/li>\n<li>2013-2014 : Administrateur provisoire de l&rsquo;<a href=\"https:\/\/icom.univ-lyon2.fr\">Institut de la Communication<\/a><\/li>\n<li>2010-2012 : Responsable, Axe ENA-DC, laboratoire <a href=\"https:\/\/eric.univ-lyon2.fr\/\">ERIC<\/a><\/li>\n<li>2003-2010 : Directeur, D&eacute;partement d&rsquo;Informatique et de Statistique (DIS), <a href=\"https:\/\/seg.univ-lyon2.fr\/\">Facult&eacute; de Sciences &Eacute;conomiques et de Gestion<\/a><\/li>\n<li>2000-2008 : Responsable, p\u00f4le Bases de Donn\u00e9es D\u00e9cisionnelles (BDD), laboratoire <a href=\"https:\/\/eric.univ-lyon2.fr\/\">ERIC<\/a><\/li>\n<\/ul>\n<h3 id=\"elec\">Fonctions \u00e9lectives<\/h3>\n<ul>\n<li>2025-2026&nbsp;: Membre, Conseil Acad\u00e9mique (Commission de la Formation et de la Vie Universitaire) de l&rsquo;<a href=\"https:\/\/www.univ-lyon2.fr\">Universit\u00e9 Lyon&nbsp;2<\/a>\n<ul>\n<li>Membre \u00e9lu, Section disciplinaire, usagers et enseignants\/enseignants-chercheurs<\/li>\n<\/ul>\n<\/li>\n<li>2021-2024&nbsp;: Membre, Conseil d&rsquo;Administration de l&rsquo;<a href=\"https:\/\/www.univ-lyon2.fr\">Universit\u00e9 Lyon&nbsp;2<\/a><\/li>\n<li>2019-2023&nbsp;: Membre \u00e9lu, <a href=\"https:\/\/www.conseil-national-des-universites.fr\/\">Conseil National des Universit\u00e9s<\/a> (CNU), Section 27 (Informatique), t\u00eate des \u00ab\u00a0Listes ind\u00e9pendantes pour l&rsquo;informatique comme science, technologies et usages\u00a0\u00bb\n<ul>\n<li>Sessions&nbsp;: QUALIF&nbsp;2020, PEDR&nbsp;2020, CRCT&nbsp;2021, SUIVI&nbsp;2021, QUALIF&nbsp;2022, RIPEC&nbsp;2022, PROMO&nbsp;2023, REPYRAMIDAGE&nbsp;2023, SUIVI&nbsp;2023<\/li>\n<li>2023&nbsp;: Membre du groupe de travail sur les pratiques de publication dans les revues<\/li>\n<\/ul>\n<\/li>\n<li>2014-2022 : Coordonnateur, Groupe d&rsquo;Experts Interne des sections CNU 26-27-61-71, <a href=\"https:\/\/www.univ-lyon2.fr\">Universit\u00e9 Lyon 2<\/a>\n<ul>\n<li>2019 : Membre du groupe de travail HRS4R \u00ab\u00a0Recrutement et s\u00e9lection\u00a0\u00bb pilot\u00e9 par la DRH<\/li>\n<\/ul>\n<\/li>\n<li>2014-2022 : Membre, Conseil de l&rsquo;<a href=\"https:\/\/icom.univ-lyon2.fr\">ICOM<\/a> (deux mandats)<\/li>\n<li>2012-2020&nbsp;: Membre, Conseil Acad\u00e9mique (Commission Recherche) de l&rsquo;<a href=\"https:\/\/www.univ-lyon2.fr\">Universit\u00e9 Lyon&nbsp;2<\/a> (deux mandats)\n<ul>\n<li>2020 : Membre de la Section disciplinaire usagers<\/li>\n<li>2019 : Membre de la Commission &Eacute;lectorale Consultative<\/li>\n<li>2019 : Membre du groupe de travail sur le doctorat<\/li>\n<li>2018 : Membre du groupe de travail sur l&rsquo;\u00e9m\u00e9ritat<\/li>\n<li>2017 : Membre du groupe de travail sur les dotations des laboratoires<\/li>\n<li>2015-2020&nbsp;: Repr\u00e9sentant \u00e9lu du conseil acad\u00e9mique de Lyon 2 au conseil acad\u00e9mique (commission recherche) de la COMUE <a href=\"https:\/\/www.universite-lyon.fr\">Universit\u00e9 de Lyon<\/a><\/li>\n<li>2013-2014 : Membre de la Commission des statuts de l&rsquo;universit\u00e9<\/li>\n<li>2012-2016 : Membre de la commission d&rsquo;attribution de subventions BQR pour des manifestations scientifiques<\/li>\n<\/ul>\n<\/li>\n<li>2001-2008 : Membre, Conseil de la <a href=\"https:\/\/seg.univ-lyon2.fr\/\">Facult&eacute; de Sciences &Eacute;conomiques et de Gestion<\/a><\/li>\n<li>2001-2008 : Membre, CSE 26-27-61 de l&rsquo;<a href=\"https:\/\/www.univ-lyon2.fr\">Universit\u00e9 Lyon 2<\/a>\n<ul>\n<li>2006-2008 : Assesseur de la CSE<\/li>\n<\/ul>\n<\/li>\n<li>2005-2008 : Membre, CSE math\u00e9matiques-informatique de l&rsquo;<a href=\"https:\/\/www.univ-lyon3.fr\">Universit\u00e9 Jean Moulin Lyon 3<\/a><\/li>\n<li id=\"insa\">2007-2008 : Membre, CSE 27 de l&rsquo;<a href=\"https:\/\/www.insa-lyon.fr\">INSA Lyon<\/a><\/li>\n<\/ul>\n<h3 id=\"pedago\">Responsabilit\u00e9s p\u00e9dagogiques<\/h3>\n<ul>\n<li>2023-2024&nbsp;: Responsable de <a href=\"https:\/\/icom.univ-lyon2.fr\/formation\/licence\/informatique\">L3 Informatique<\/a>, <a href=\"https:\/\/www.univ-lyon2.fr\">Universit\u00e9 Lyon 2<\/a><\/li>\n<li>Depuis 2022&nbsp;: Responsable de la mention de Licence Informatique, <a href=\"https:\/\/www.univ-lyon2.fr\">Universit\u00e9 Lyon 2<\/a><\/li>\n<li>2021-2022&nbsp;: Coordinateur de la cr\u00e9ation de la mention de Licence Informatique, <a href=\"https:\/\/www.univ-lyon2.fr\">Universit\u00e9 Lyon 2<\/a><\/li>\n<li>2015 : Participation \u00e0 la conception et \u00e0 l&rsquo;accr\u00e9ditation du <a href=\"https:\/\/icom.univ-lyon2.fr\/formation\/filiere-humanites-numeriques\">Master Humanit\u00e9s Num\u00e9riques<\/a>, <a href=\"https:\/\/www.univ-lyon2.fr\">Universit\u00e9 Lyon 2<\/a>, <a href=\"https:\/\/www.univ-lyon3.fr\">Universit\u00e9 Lyon 3<\/a>, <a href=\"https:\/\/www.ens-lyon.fr\">ENS Lyon<\/a>, <a href=\"https:\/\/www.enssib.fr\">Enssib<\/a>\n<ul>\n<li>Depuis 2015 : Membre du comit\u00e9 de pilotage du <a href=\"https:\/\/icom.univ-lyon2.fr\/formation\/filiere-humanites-numeriques\">Master Humanit\u00e9s Num\u00e9riques<\/a><\/li>\n<\/ul>\n<\/li>\n<li id=\"dmkm\">2010-2016 : Coordinateur local (site de Lyon), Master Erasmus Mundus DMKM<\/li>\n<li>Depuis 2012 : Responsable d&rsquo;accord Erasmus+ avec la <a href=\"https:\/\/www.put.poznan.pl\">Poznan University of Technology<\/a> (Pologne)<\/li>\n<li>2006-2016 : Responsable, Licence bidisciplinaire IDEA<\/li>\n<li>2005-2025 : Responsable p\u00e9dagogique (2005-2011), responsable (2011-2020), puis coresponsable (depuis 2020), double-dipl\u00f4me franco-ukrainien de <a href=\"https:\/\/icom.univ-lyon2.fr\/fr\/nos-formations\/master\/informatique-statistique\/m1-m2-informatique-et-data-science-pour-le-management\/\">Master IDSM-Kharkiv<\/a> (M1-M2)\n<ul>\n<li>Participation aux projets TEMPUS <a href=\"http:\/\/sucsid.competence.in.ua\">SUCSID<\/a> (2013-2016), <a href=\"https:\/\/mastis.competence.in.ua\/\">MASTIS<\/a> (2015-2019) et <a href=\"https:\/\/web.archive.org\/web\/20210813231438\/http:\/\/www.dochub.com.ua\/\">DocHub<\/a> (2016-2020)<\/li>\n<\/ul>\n<\/li>\n<li>1999-2020 : Responsable, enseignements d&rsquo;informatique de <a href=\"https:\/\/eric.univ-lyon2.fr\/jdarmont\/?page=enseignement-l3sceco\">Licence 3e ann\u00e9e<\/a> (jusqu&rsquo;en 2006) et <a href=\"https:\/\/eric.univ-lyon2.fr\/jdarmont\/?page=enseignement-m1sceco\">M1 &Eacute;conomie et Management (jusqu&rsquo;en 2011) + &Eacute;conomie et Soci\u00e9t\u00e9 (jusqu&rsquo;en 2016) + Finance<\/a> (<a href=\"https:\/\/seg.univ-lyon2.fr\/\">Facult&eacute; de Sciences &Eacute;conomiques et de Gestion<\/a>)<\/li>\n<li>2011-2014 : Responsable, Master mention Informatique, <a href=\"https:\/\/www.univ-lyon2.fr\">Universit\u00e9 Lyon 2<\/a><\/li>\n<li>2008-2009 : Correspondant <a href=\"https:\/\/web.archive.org\/web\/20230321054122\/https:\/\/www.service-public.fr\/particuliers\/vosdroits\/F22720\">C2i<\/a> de l&rsquo;<a href=\"https:\/\/www.univ-lyon2.fr\">Universit\u00e9 Lyon 2<\/a><\/li>\n<li>2\u00e8me semestre 2007 : Responsable rempla\u00e7ant, L3 IDS<\/li>\n<\/ul>\n<h3 id=\"autre\">Autres responsabilit\u00e9s collectives<\/h3>\n<ul>\n<li>2025 : Membre du groupe de travail Internationalisation (accr\u00e9ditation 2027-2031), Universit\u00e9 Lyon 2<\/li>\n<li>Depuis 2024 : Membre nomm\u00e9 du Conseil de la <a href=\"https:\/\/fil.cnrs.fr\">F\u00e9d\u00e9ration Informatique de Lyon (FIL)<\/a><\/li>\n<li>Depuis 2023 : Membre du <a href=\"https:\/\/cst-ariane.huma-num.fr\">Consortium-HN ARIANE<\/a> (Analyses, Recherches, Intelligence Artificielle et Nouvelles \u00c9ditions num\u00e9riques)<\/a><\/li>\n<li>2021-2022 : Membre du jury du Prix de th\u00e8se de l&rsquo;<a href=\"https:\/\/www.univ-lyon2.fr\">Universit\u00e9 Lyon 2<\/a><\/li>\n<li>2018-2019 : R\u00e9f\u00e9rent du <a href=\"https:\/\/web.archive.org\/web\/20220927221858\/https:\/\/imu.universite-lyon.fr\/capimu\/\">projet CAPIMU<\/a> (<a href=\"https:\/\/imu.universite-lyon.fr\/\">LabEx IMU<\/a>)<\/li>\n<li>2016-2019 : Coresponsable de l&rsquo;<a href=\"https:\/\/eric.univ-lyon2.fr\/adoc\/\">action ADOC<\/a> du groupe de recherche CNRS MaDICS<\/li>\n<li>2015 : Membre du groupe de travail archivage num\u00e9rique, <a href=\"https:\/\/www.univ-lyon2.fr\">Universit\u00e9 Lyon 2<\/a><\/li>\n<li>2013-2021 : Repr\u00e9sentant de l&rsquo;<a href=\"https:\/\/edinfomaths.universite-lyon.fr\">&Eacute;cole Doctorale InfoMaths<\/a> \u00e0 Lyon 2<\/li>\n<li>2010-2016 : Responsable relations internationales, D&eacute;partement d&rsquo;Informatique et de Statistique (DIS)<\/li>\n<li>2010 : Membre, Commission prospective sur les postes, <a href=\"https:\/\/seg.univ-lyon2.fr\">Facult\u00e9 de Sciences &Eacute;conomiques et de Gestion<\/a><\/li>\n<li>2008-2009 : Membre, Comit\u00e9 strat\u00e9gique de la <a href=\"https:\/\/seg.univ-lyon2.fr\">Facult\u00e9 de Sciences &Eacute;conomiques et de Gestion<\/a><\/li>\n<li>2007-2008 : Membre, Commission des th\u00e8ses d&rsquo;informatique, <a href=\"https:\/\/www.univ-lyon2.fr\">Universit\u00e9 Lyon 2<\/a><\/li>\n<li>2007-2008 : Membre, Commission d&rsquo;engagement des moniteurs en informatique, <a href=\"https:\/\/www.univ-lyon2.fr\">Universit\u00e9 Lyon 2<\/a><\/li>\n<li>2006-2007 : Webmestre, Projet Web Intelligence, Cluster 2 : Informatique, Signal, Logiciel Embarqu\u00e9, R\u00e9gion Rh\u00f4ne-Alpes<\/li>\n<li>Depuis 2003 : Administrateur syst&egrave;me, laboratoire <a href=\"https:\/\/eric.univ-lyon2.fr\/\">ERIC<\/a> et d\u00e9partement de formation DIS (jusqu&rsquo;\u00e0 2016 pour ce dernier)<\/li>\n<\/ul>\n","protected":false},"excerpt":{"rendered":"<p>Fonctions de responsabilit\u00e9 Depuis 2024&nbsp;: Directeur, Institut de la Communication, Universit\u00e9 Lyon 2 2024-2025&nbsp;: Membre GT3 Accompagnement dans les \u00e9tudes\/Citoyennet\u00e9, Sch\u00e9ma directeur de la vie \u00e9tudiante, Universit\u00e9 Lyon 2 2021-2024&nbsp;: Directeur adjoint, Institut de la Communication, Universit\u00e9 Lyon 2 2012-2021&nbsp;: Directeur, Laboratoire ERIC Membre du comit\u00e9 des th\u00e8ses et du conseil de l&rsquo;Ecole Doctorale InfoMaths\u2026 <span class=\"read-more\"><a href=\"https:\/\/eric.univ-lyon2.fr\/jdarmont\/?page_id=81\">Read More &raquo;<\/a><\/span><\/p>\n","protected":false},"author":7,"featured_media":0,"parent":0,"menu_order":3000,"comment_status":"closed","ping_status":"open","template":"","meta":{"footnotes":"","_links_to":"","_links_to_target":""},"class_list":["post-81","page","type-page","status-publish","hentry"],"_links":{"self":[{"href":"https:\/\/eric.univ-lyon2.fr\/jdarmont\/index.php?rest_route=\/wp\/v2\/pages\/81","targetHints":{"allow":["GET"]}}],"collection":[{"href":"https:\/\/eric.univ-lyon2.fr\/jdarmont\/index.php?rest_route=\/wp\/v2\/pages"}],"about":[{"href":"https:\/\/eric.univ-lyon2.fr\/jdarmont\/index.php?rest_route=\/wp\/v2\/types\/page"}],"author":[{"embeddable":true,"href":"https:\/\/eric.univ-lyon2.fr\/jdarmont\/index.php?rest_route=\/wp\/v2\/users\/7"}],"replies":[{"embeddable":true,"href":"https:\/\/eric.univ-lyon2.fr\/jdarmont\/index.php?rest_route=%2Fwp%2Fv2%2Fcomments&post=81"}],"version-history":[{"count":147,"href":"https:\/\/eric.univ-lyon2.fr\/jdarmont\/index.php?rest_route=\/wp\/v2\/pages\/81\/revisions"}],"predecessor-version":[{"id":9131,"href":"https:\/\/eric.univ-lyon2.fr\/jdarmont\/index.php?rest_route=\/wp\/v2\/pages\/81\/revisions\/9131"}],"wp:attachment":[{"href":"https:\/\/eric.univ-lyon2.fr\/jdarmont\/index.php?rest_route=%2Fwp%2Fv2%2Fmedia&parent=81"}],"curies":[{"name":"wp","href":"https:\/\/api.w.org\/{rel}","templated":true}]}}